{"id":593,"date":"2020-08-14T02:19:05","date_gmt":"2020-08-14T09:19:05","guid":{"rendered":"https:\/\/www.cancunjuicerestaurants.com\/costamesa\/product\/import-placeholder-for-454\/"},"modified":"2025-01-21T15:41:29","modified_gmt":"2025-01-21T23:41:29","slug":"flan","status":"publish","type":"product","link":"https:\/\/www.cancunjuicerestaurants.com\/costamesa\/product\/flan\/","title":{"rendered":"Flan"},"content":{"rendered":"<p>Flan is a custard dessert with a layer of clear caramel sauce, contrasted with cr\u00e8me br\u00fbl\u00e9e which is custard with a hard caramel<\/p>\n","protected":false},"excerpt":{"rendered":"<p>Flan is a custard dessert with a layer of clear caramel sauce.<\/p>\n","protected":false},"featured_media":485,"template":"","meta":[],"_links":{"self":[{"href":"https:\/\/www.cancunjuicerestaurants.com\/costamesa\/wp-json\/wp\/v2\/product\/593"}],"collection":[{"href":"https:\/\/www.cancunjuicerestaurants.com\/costamesa\/wp-json\/wp\/v2\/product"}],"about":[{"href":"https:\/\/www.cancunjuicerestaurants.com\/costamesa\/wp-json\/wp\/v2\/types\/product"}],"wp:featuredmedia":[{"embeddable":true,"href":"https:\/\/www.cancunjuicerestaurants.com\/costamesa\/wp-json\/wp\/v2\/media\/485"}],"wp:attachment":[{"href":"https:\/\/www.cancunjuicerestaurants.com\/costamesa\/wp-json\/wp\/v2\/media?parent=593"}],"curies":[{"name":"wp","href":"https:\/\/api.w.org\/{rel}","templated":true}]}}